{"id":3614,"date":"2026-01-23T14:51:03","date_gmt":"2026-01-23T13:51:03","guid":{"rendered":"https:\/\/intermedio.eu\/visual-paradigm\/"},"modified":"2026-01-24T15:26:31","modified_gmt":"2026-01-24T14:26:31","slug":"visual-paradigm","status":"publish","type":"page","link":"https:\/\/intermedio.eu\/de\/visual-paradigm\/","title":{"rendered":"Visual Paradigm"},"content":{"rendered":"<p class=\"intermedio\">Visual Paradigm \u2013 KI-gest\u00fctztes Business Modeling<\/p>\n<p><img loading=\"lazy\" decoding=\"async\" class=\"alignright wp-image-1684 size-full\" src=\"https:\/\/intermedio.eu\/wp-content\/uploads\/2014\/05\/visual-paradigm.jpg\" alt=\"visual paradigm\" width=\"165\" height=\"40\">Visual Paradigm ist ein plattformunabh\u00e4ngiges Tool f\u00fcr visuelles Modeling (z.\u202fB. BPMN, CMMN, DMN, UML), Code Engineering, Agile Management und Enterprise Architecture. Visual Paradigm unterst\u00fctzt Unternehmen dabei, Gesch\u00e4ftsstrategie, Unternehmensziele und Informationssysteme miteinander in Einklang zu bringen \u2013 auf Basis anerkannter Standards wie ArchiMate 2.0, dem Zachman Framework, dem Business Motivation Model (BMM), Decision Tables und vielen weiteren. <\/p>\n<p>Als umfassendes Tool f\u00fcr Enterprise Architecture bietet Visual Paradigm au\u00dferdem Unterst\u00fctzung f\u00fcr BPMN, UML, SysML, ERD, Mind Mapping und weitere Notationen. Mit Visual Paradigm integrieren Sie die verschiedenen Dom\u00e4nen Ihrer Organisation nahtlos und effizient. <\/p>\n<p>Erweiterte Funktionen wie die Dokumentation von Arbeitsabl\u00e4ufen f\u00fcr Workflow-Elemente, die Animation von Gesch\u00e4ftsprozessdiagrammen, Prozesssimulation, Berichtserstellung sowie die automatische Ver\u00f6ffentlichung von Workflow-Prozessen auf einer (Intranet-)Website machen Visual Paradigm zu einem der leistungsf\u00e4higsten und zugleich kosteneffizientesten Produkte seiner Klasse.<\/p>\n<p>Die KI-Funktionen von Visual Paradigm machen das Tool noch leistungsst\u00e4rker. Erzeugen Sie Diagramme direkt aus Text, f\u00fchren Sie Datenanalysen durch oder lassen Sie Ihre Strategie automatisch bewerten \u2013 alles in einer einzigen Anwendung, ohne zus\u00e4tzliche Installationen oder versteckte Zusatzkosten.   <\/p>\n<h2>F\u00fcr wen Visual Paradigm geeignet ist<\/h2>\n<p>Dieses Tool richtet sich insbesondere an:<\/p>\n<ul>\n<li>Enterprise Architekten<\/li>\n<li>Systemarchitekten<\/li>\n<li>Systemanalysten<\/li>\n<li>Business Analysten<\/li>\n<li>Software Engineers und Entwickler<\/li>\n<\/ul>\n<p>alle, die Organisationen mit moderner, f\u00fchrender Software gestalten, steuern und transformieren m\u00f6chten.<\/p>\n<p>alle, die Organisationen mit moderner, f\u00fchrender Software gestalten, steuern und transformieren m\u00f6chten.<br \/>Visual Paradigm ist weltweit bei vielen renommierten Organisationen im Einsatz. Unternehmen aus unterschiedlichsten Branchen setzen auf diese kosteng\u00fcnstige, zuverl\u00e4ssige und flexible Software. <\/p>\n<h2>Verf\u00fcgbare Editionen<\/h2>\n<ul>\n<li><strong>Visual Paradigm Enterprise:<\/strong> Unterst\u00fctzt eine gro\u00dfe Bandbreite an Enterprise-Architecture-Modellen und -Diagrammen. Mit dieser Edition entwickeln und harmonisieren Sie Ihre gesamte Organisation. <\/li>\n<li><strong>Visual Paradigm Professional:<\/strong> Unterst\u00fctzt Ihre Organisation mit zahlreichen Modellen und Prozessanimation, jedoch ohne vollumf\u00e4ngliche Enterprise-Architecture-Integration.<\/li>\n<li><strong>Visual Paradigm Standard: <\/strong>Bietet eine Vielzahl an Modellierungsfunktionen, umfasst jedoch beispielsweise keine erweiterten Projektmanagement-Modelle.<\/li>\n<li><strong>Visual Paradigm Modeler: <\/strong>Eine leistungsstarke L\u00f6sung f\u00fcr Designer, inklusive BPMN-Tool, UML-Tools, Glossarverwaltung und kollaborativem Modeling (Team-Modeling).<\/li>\n<li><strong>Viewer Edition: <\/strong>Kostenfrei erh\u00e4ltlich und ideal, um Visual-Paradigm-Modelle komfortabel anzuzeigen.<\/li>\n<\/ul>\n<a href=\"https:\/\/intermedio.eu\/producten\/visual-paradigm\/visual-paradigm-edities\/\" target=\"_self\" style='color: #eee; font-size: 14px;' class=\"small blue  more-btn  alignright\"><span>\u00dcbersicht der Editionen mit den wichtigsten Merkmalen<\/span><\/a><div class=\"push\" style='height:15px'><\/div>\n<h2>Zentrale Funktionen<\/h2>\n<ul>\n<li>Gestaltung und Strukturierung von Organisationen<\/li>\n<li>Unterst\u00fctzung von Enterprise-Architecture-Frameworks<\/li>\n<li>Visualisierung, Analyse, Verst\u00e4ndnis und Optimierung von Gesch\u00e4ftsprozessen mit BPMN<\/li>\n<li>Unterst\u00fctzung von Teamarbeit und parallelen Projekten<\/li>\n<li>Aufbau und Pflege von Beziehungen zwischen Modellen und Modellobjekten<\/li>\n<li>Erstellung passgenauer Sichten (Views) f\u00fcr unterschiedliche Zielgruppen und Use Cases<\/li>\n<li>Analyse von Modellen und Daten mit Hilfe von k\u00fcnstlicher Intelligenz (AI)<\/li>\n<\/ul>\n<div class=\"push\" style='height:20px'><\/div>\n<div class='toggle clearfix'>\n<h4 class='toggle_title '><b>Ausgew\u00e4hlte Funktionsbereiche im Detail<\/b><\/h4>\n<div class='toggle_content load_hidden'>\n<ul>\n<li><strong>Enterprise Architecture:<\/strong> Konzeption und Strukturierung Ihrer Organisation auf Basis g\u00e4ngiger Enterprise-Architecture-Frameworks (z.\u202fB. TOGAF).<\/li>\n<li><strong>AI Supported Modeling: <\/strong>Erstellung von Diagrammen mit KI-Unterst\u00fctzung \u2013 wandeln Sie Text direkt in visuelle Modelle um. <\/li>\n<li><strong>SoaML Modeling:<\/strong> Design serviceorientierter L\u00f6sungen mit der Service Oriented Architecture Modeling Language (SoaML).<\/li>\n<li><strong>Business Rules:<\/strong> Modellierung und Dokumentation von Business Rules zur Unterst\u00fctzung konsistenter Entscheidungen.<\/li>\n<li><strong>Business Process Modeling:<\/strong> Visualisieren, analysieren, verstehen und verbessern Sie Gesch\u00e4ftsprozesse mit BPMN, Process Maps, Data Flow Diagrams und Organigrammen.<\/li>\n<li><strong>Manage Project Vocabulary:<\/strong> Arbeiten Sie mit einem eigenen Glossar, in dem unternehmensspezifische Begriffe zentral gepflegt und konsistent verwendet werden.<\/li>\n<li><strong>UML Modeling:<\/strong> Visualisieren, entwerfen, kommunizieren und dokumentieren Sie mit UML\u20112.4\u2011Diagrammen in einem leistungsf\u00e4higen UML-Modeler.<\/li>\n<li><strong>Requirements Modeling:<\/strong> Erfassen, strukturieren, verwalten und realisieren Sie Anforderungen mit SysML \u2013 oder definieren Sie eigene Requirement-Typen.<\/li>\n<li><strong>SysML Modeling:<\/strong> Visualisierung von Systemhierarchien und Abh\u00e4ngigkeiten zwischen Systemkomponenten \u2013 ein entscheidender Baustein jeder Architektur.  <\/li>\n<li><strong>Qualit\u00e4tsdokumentation:<\/strong> Automatisches Generieren professioneller Dokumentation in g\u00e4ngigen Formaten.<\/li>\n<li><strong>Ideen schnell festhalten:<\/strong> Brainstormen Sie, verkn\u00fcpfen Sie Ideen und stellen Sie sicher, dass L\u00f6sungen jederzeit auf die urspr\u00fcnglichen Gedanken zur\u00fcckgef\u00fchrt werden k\u00f6nnen. <\/li>\n<li>Screen Mock-up: Einfache Erstellung von Wireframes und Screen-Mock-ups \u2013 auch f\u00fcr mobile Endger\u00e4te und Webanwendungen. <\/li>\n<li><strong>Animation:<\/strong> Erwecken Sie Ihre Diagramme durch \u201elive\u201c ausgef\u00fchrte Gesch\u00e4ftsprozesse zum Leben, um Abl\u00e4ufe noch anschaulicher zu machen.<\/li>\n<li><strong>Teamarbeit:<\/strong> Unterst\u00fctzt strukturierte Zusammenarbeit und parallele Arbeit in Teams innerhalb einer zentral organisierten Plattform.<\/li>\n<li><strong>Robuste Integration:<\/strong> Export von Modellen und Designs in g\u00e4ngige Zielsysteme, ohne dass die jeweilige Zielsoftware installiert sein muss.<\/li>\n<li><strong>Anpassbarkeit:<\/strong> Erweiterung um eigene Funktionen, um wiederkehrende Aufgaben zu automatisieren und die Produktivit\u00e4t zu steigern.<\/li>\n<li><strong>Unterst\u00fctzung von Standards:<\/strong> Abdeckung der aktuellen Versionen der wichtigsten internationalen Industriestandards im Bereich Business Modeling und Systemdesign.<\/li>\n<\/ul>\n<\/div><\/div>\n<div class=\"push\" style='height:20px'><\/div>\n<h3><a title=\"Visual Paradigm Angebotsanfrage\" href=\"https:\/\/intermedio.eu\/visual-paradigm\/visual-paradigm-offerte\/\">Angebot <\/a>anfordern<\/h3>\n<p>Fordern Sie unverbindlich Ihr Visual Paradigm <a title=\"Angebotsanfrage\" href=\"https:\/\/intermedio.eu\/visual-paradigm\/visual-paradigm-offerte\/\">Angebot <\/a>an.<\/p>\n<h3>Visual Paradigm kostenlos ausprobieren<\/h3>\n<p>Fordern Sie noch heute eine <a title=\"Visual Paradigm probieren\" href=\"https:\/\/intermedio.eu\/visual-paradigm\/download-visual-paradigm-gratis\/\">kostenlose Testversion <\/a>an, um Visual Paradigm kennenzulernen.<\/p>\n<h3>Schulungen mit Visual Paradigm<\/h3>\n<p>Nehmen Sie an einem der folgenden Trainings teil, damit Sie schnell mit diesem leistungsstarken Tool arbeiten k\u00f6nnen.<\/p>\n<p>Schulung <a href=\"https:\/\/intermedio.eu\/visual-paradigm-training\/\">Effizientes Arbeiten mit Visual Paradigm<\/a> (Grundlagentraining f\u00fcr das Tool)<\/p>\n<p>Einf\u00fchrungsschulung <a href=\"https:\/\/intermedio.eu\/cursussen-en-opleidingen\/bpmn-cursus\/\">Prozessdesign mit BPMN<\/a> in Visual Paradigm<\/p>\n<p><a href=\"https:\/\/intermedio.eu\/uml-training-objectgeorienteerd-modelleren\/\">UML mit Visual Paradigm<\/a> Schulung<\/p>\n<p>Au\u00dferdem sind verschiedene ma\u00dfgeschneiderte Schulungen m\u00f6glich.<\/p>\n<p><span style=\"border-radius: 2px; text-indent: 20px; width: auto; padding: 0px 4px 0px 0px; text-align: center; font: bold 11px\/20px 'Helvetica Neue',Helvetica,sans-serif; color: #ffffff; background: #bd081c no-repeat scroll 3px 50% \/ 14px 14px; position: absolute; opacity: 1; z-index: 8675309; display: none; cursor: pointer;\">Aufbewahren<\/span><\/p>\n<p><span style=\"border-radius: 2px; text-indent: 20px; width: auto; padding: 0px 4px 0px 0px; text-align: center; font: bold 11px\/20px 'Helvetica Neue',Helvetica,sans-serif; color: #ffffff; background: #bd081c no-repeat scroll 3px 50% \/ 14px 14px; position: absolute; opacity: 1; z-index: 8675309; display: none; cursor: pointer;\">Aufbewahren<\/span><\/p>\n","protected":false},"excerpt":{"rendered":"<p>Visual Paradigm \u2013 KI-gest\u00fctztes Business Modeling Visual Paradigm ist ein plattformunabh\u00e4ngiges Tool f\u00fcr visuelles Modeling (z.\u202fB. BPMN, CMMN, DMN, UML), Code Engineering, Agile Management und Enterprise Architecture. Visual Paradigm unterst\u00fctzt Unternehmen dabei, Gesch\u00e4ftsstrategie, Unternehmensziele und Informationssysteme miteinander in Einklang zu bringen \u2013 auf Basis anerkannter Standards wie ArchiMate 2.0, dem Zachman Framework, dem Business Motivation <span class=\"excerpt-more\">&rarr;<\/span><\/p>\n","protected":false},"author":1,"featured_media":0,"parent":0,"menu_order":155,"comment_status":"closed","ping_status":"closed","template":"","meta":{"footnotes":""},"class_list":["post-3614","page","type-page","status-publish","hentry"],"yoast_head":"<!-- This site is optimized with the Yoast SEO plugin v27.0 - https:\/\/yoast.com\/product\/yoast-seo-wordpress\/ -->\n<title>Visual Paradigm f\u00fcr Prozessdesign, UML und Gesch\u00e4ftsarchitektur<\/title>\n<meta name=\"description\" content=\"Visual Paradigm ist ein Modellierungswerkzeug mit Unterst\u00fctzung f\u00fcr unter anderem ArchiMate 2.0, BPMN und UML. Visual Paradigm hilft Ihrer Organisation, voranzukommen.\" \/>\n<meta name=\"robots\" content=\"index, follow, max-snippet:-1, max-image-preview:large, max-video-preview:-1\" \/>\n<link rel=\"canonical\" href=\"https:\/\/intermedio.eu\/de\/visual-paradigm\/\" \/>\n<meta name=\"twitter:card\" content=\"summary_large_image\" \/>\n<meta name=\"twitter:title\" content=\"Visual Paradigm f\u00fcr Prozessdesign, UML und Gesch\u00e4ftsarchitektur\" \/>\n<meta name=\"twitter:description\" content=\"Visual Paradigm ist ein Modellierungswerkzeug mit Unterst\u00fctzung f\u00fcr unter anderem ArchiMate 2.0, BPMN und UML. Visual Paradigm hilft Ihrer Organisation, voranzukommen.\" \/>\n<meta name=\"twitter:site\" content=\"@LeanArchitects\" \/>\n<meta name=\"twitter:label1\" content=\"Gesch\u00e4tzte Lesezeit\" \/>\n\t<meta name=\"twitter:data1\" content=\"4\u00a0Minuten\" \/>\n<script type=\"application\/ld+json\" class=\"yoast-schema-graph\">{\"@context\":\"https:\/\/schema.org\",\"@graph\":[{\"@type\":\"WebPage\",\"@id\":\"https:\/\/intermedio.eu\/de\/visual-paradigm\/\",\"url\":\"https:\/\/intermedio.eu\/de\/visual-paradigm\/\",\"name\":\"Visual Paradigm f\u00fcr Prozessdesign, UML und Gesch\u00e4ftsarchitektur\",\"isPartOf\":{\"@id\":\"https:\/\/intermedio.eu\/#website\"},\"primaryImageOfPage\":{\"@id\":\"https:\/\/intermedio.eu\/de\/visual-paradigm\/#primaryimage\"},\"image\":{\"@id\":\"https:\/\/intermedio.eu\/de\/visual-paradigm\/#primaryimage\"},\"thumbnailUrl\":\"https:\/\/intermedio.eu\/wp-content\/uploads\/2014\/05\/visual-paradigm.jpg\",\"datePublished\":\"2026-01-23T13:51:03+00:00\",\"dateModified\":\"2026-01-24T14:26:31+00:00\",\"description\":\"Visual Paradigm ist ein Modellierungswerkzeug mit Unterst\u00fctzung f\u00fcr unter anderem ArchiMate 2.0, BPMN und UML. Visual Paradigm hilft Ihrer Organisation, voranzukommen.\",\"breadcrumb\":{\"@id\":\"https:\/\/intermedio.eu\/de\/visual-paradigm\/#breadcrumb\"},\"inLanguage\":\"de\",\"potentialAction\":[{\"@type\":\"ReadAction\",\"target\":[\"https:\/\/intermedio.eu\/de\/visual-paradigm\/\"]}]},{\"@type\":\"ImageObject\",\"inLanguage\":\"de\",\"@id\":\"https:\/\/intermedio.eu\/de\/visual-paradigm\/#primaryimage\",\"url\":\"https:\/\/intermedio.eu\/wp-content\/uploads\/2014\/05\/visual-paradigm.jpg\",\"contentUrl\":\"https:\/\/intermedio.eu\/wp-content\/uploads\/2014\/05\/visual-paradigm.jpg\"},{\"@type\":\"BreadcrumbList\",\"@id\":\"https:\/\/intermedio.eu\/de\/visual-paradigm\/#breadcrumb\",\"itemListElement\":[{\"@type\":\"ListItem\",\"position\":1,\"name\":\"Home\",\"item\":\"https:\/\/intermedio.eu\/de\/home-3\/\"},{\"@type\":\"ListItem\",\"position\":2,\"name\":\"Visual Paradigm\"}]},{\"@type\":\"WebSite\",\"@id\":\"https:\/\/intermedio.eu\/#website\",\"url\":\"https:\/\/intermedio.eu\/\",\"name\":\"&nbsp;|&nbsp;Intermedio Information Technology\",\"description\":\"\",\"publisher\":{\"@id\":\"https:\/\/intermedio.eu\/#organization\"},\"potentialAction\":[{\"@type\":\"SearchAction\",\"target\":{\"@type\":\"EntryPoint\",\"urlTemplate\":\"https:\/\/intermedio.eu\/?s={search_term_string}\"},\"query-input\":{\"@type\":\"PropertyValueSpecification\",\"valueRequired\":true,\"valueName\":\"search_term_string\"}}],\"inLanguage\":\"de\"},{\"@type\":\"Organization\",\"@id\":\"https:\/\/intermedio.eu\/#organization\",\"name\":\"Intermedio Information Technology\",\"url\":\"https:\/\/intermedio.eu\/\",\"logo\":{\"@type\":\"ImageObject\",\"inLanguage\":\"de\",\"@id\":\"https:\/\/intermedio.eu\/#\/schema\/logo\/image\/\",\"url\":\"https:\/\/intermedio.eu\/wp-content\/uploads\/2014\/10\/intermedio.png\",\"contentUrl\":\"https:\/\/intermedio.eu\/wp-content\/uploads\/2014\/10\/intermedio.png\",\"width\":194,\"height\":72,\"caption\":\"Intermedio Information Technology\"},\"image\":{\"@id\":\"https:\/\/intermedio.eu\/#\/schema\/logo\/image\/\"},\"sameAs\":[\"https:\/\/x.com\/LeanArchitects\",\"https:\/\/nl.linkedin.com\/company\/intermedio-information-technology\",\"https:\/\/nl.pinterest.com\/LeanArchitects\/\",\"https:\/\/www.youtube.com\/user\/LeanArchitects\"]}]}<\/script>\n<!-- \/ Yoast SEO plugin. -->","yoast_head_json":{"title":"Visual Paradigm f\u00fcr Prozessdesign, UML und Gesch\u00e4ftsarchitektur","description":"Visual Paradigm ist ein Modellierungswerkzeug mit Unterst\u00fctzung f\u00fcr unter anderem ArchiMate 2.0, BPMN und UML. Visual Paradigm hilft Ihrer Organisation, voranzukommen.","robots":{"index":"index","follow":"follow","max-snippet":"max-snippet:-1","max-image-preview":"max-image-preview:large","max-video-preview":"max-video-preview:-1"},"canonical":"https:\/\/intermedio.eu\/de\/visual-paradigm\/","twitter_card":"summary_large_image","twitter_title":"Visual Paradigm f\u00fcr Prozessdesign, UML und Gesch\u00e4ftsarchitektur","twitter_description":"Visual Paradigm ist ein Modellierungswerkzeug mit Unterst\u00fctzung f\u00fcr unter anderem ArchiMate 2.0, BPMN und UML. Visual Paradigm hilft Ihrer Organisation, voranzukommen.","twitter_site":"@LeanArchitects","twitter_misc":{"Gesch\u00e4tzte Lesezeit":"4\u00a0Minuten"},"schema":{"@context":"https:\/\/schema.org","@graph":[{"@type":"WebPage","@id":"https:\/\/intermedio.eu\/de\/visual-paradigm\/","url":"https:\/\/intermedio.eu\/de\/visual-paradigm\/","name":"Visual Paradigm f\u00fcr Prozessdesign, UML und Gesch\u00e4ftsarchitektur","isPartOf":{"@id":"https:\/\/intermedio.eu\/#website"},"primaryImageOfPage":{"@id":"https:\/\/intermedio.eu\/de\/visual-paradigm\/#primaryimage"},"image":{"@id":"https:\/\/intermedio.eu\/de\/visual-paradigm\/#primaryimage"},"thumbnailUrl":"https:\/\/intermedio.eu\/wp-content\/uploads\/2014\/05\/visual-paradigm.jpg","datePublished":"2026-01-23T13:51:03+00:00","dateModified":"2026-01-24T14:26:31+00:00","description":"Visual Paradigm ist ein Modellierungswerkzeug mit Unterst\u00fctzung f\u00fcr unter anderem ArchiMate 2.0, BPMN und UML. Visual Paradigm hilft Ihrer Organisation, voranzukommen.","breadcrumb":{"@id":"https:\/\/intermedio.eu\/de\/visual-paradigm\/#breadcrumb"},"inLanguage":"de","potentialAction":[{"@type":"ReadAction","target":["https:\/\/intermedio.eu\/de\/visual-paradigm\/"]}]},{"@type":"ImageObject","inLanguage":"de","@id":"https:\/\/intermedio.eu\/de\/visual-paradigm\/#primaryimage","url":"https:\/\/intermedio.eu\/wp-content\/uploads\/2014\/05\/visual-paradigm.jpg","contentUrl":"https:\/\/intermedio.eu\/wp-content\/uploads\/2014\/05\/visual-paradigm.jpg"},{"@type":"BreadcrumbList","@id":"https:\/\/intermedio.eu\/de\/visual-paradigm\/#breadcrumb","itemListElement":[{"@type":"ListItem","position":1,"name":"Home","item":"https:\/\/intermedio.eu\/de\/home-3\/"},{"@type":"ListItem","position":2,"name":"Visual Paradigm"}]},{"@type":"WebSite","@id":"https:\/\/intermedio.eu\/#website","url":"https:\/\/intermedio.eu\/","name":"&nbsp;|&nbsp;Intermedio Information Technology","description":"","publisher":{"@id":"https:\/\/intermedio.eu\/#organization"},"potentialAction":[{"@type":"SearchAction","target":{"@type":"EntryPoint","urlTemplate":"https:\/\/intermedio.eu\/?s={search_term_string}"},"query-input":{"@type":"PropertyValueSpecification","valueRequired":true,"valueName":"search_term_string"}}],"inLanguage":"de"},{"@type":"Organization","@id":"https:\/\/intermedio.eu\/#organization","name":"Intermedio Information Technology","url":"https:\/\/intermedio.eu\/","logo":{"@type":"ImageObject","inLanguage":"de","@id":"https:\/\/intermedio.eu\/#\/schema\/logo\/image\/","url":"https:\/\/intermedio.eu\/wp-content\/uploads\/2014\/10\/intermedio.png","contentUrl":"https:\/\/intermedio.eu\/wp-content\/uploads\/2014\/10\/intermedio.png","width":194,"height":72,"caption":"Intermedio Information Technology"},"image":{"@id":"https:\/\/intermedio.eu\/#\/schema\/logo\/image\/"},"sameAs":["https:\/\/x.com\/LeanArchitects","https:\/\/nl.linkedin.com\/company\/intermedio-information-technology","https:\/\/nl.pinterest.com\/LeanArchitects\/","https:\/\/www.youtube.com\/user\/LeanArchitects"]}]}},"jetpack_sharing_enabled":true,"_links":{"self":[{"href":"https:\/\/intermedio.eu\/de\/wp-json\/wp\/v2\/pages\/3614","targetHints":{"allow":["GET"]}}],"collection":[{"href":"https:\/\/intermedio.eu\/de\/wp-json\/wp\/v2\/pages"}],"about":[{"href":"https:\/\/intermedio.eu\/de\/wp-json\/wp\/v2\/types\/page"}],"author":[{"embeddable":true,"href":"https:\/\/intermedio.eu\/de\/wp-json\/wp\/v2\/users\/1"}],"replies":[{"embeddable":true,"href":"https:\/\/intermedio.eu\/de\/wp-json\/wp\/v2\/comments?post=3614"}],"version-history":[{"count":5,"href":"https:\/\/intermedio.eu\/de\/wp-json\/wp\/v2\/pages\/3614\/revisions"}],"predecessor-version":[{"id":3626,"href":"https:\/\/intermedio.eu\/de\/wp-json\/wp\/v2\/pages\/3614\/revisions\/3626"}],"wp:attachment":[{"href":"https:\/\/intermedio.eu\/de\/wp-json\/wp\/v2\/media?parent=3614"}],"curies":[{"name":"wp","href":"https:\/\/api.w.org\/{rel}","templated":true}]}}